{"id":53,"date":"2018-03-26T14:40:39","date_gmt":"2018-03-26T12:40:39","guid":{"rendered":"http:\/\/langagemachine.fr\/?page_id=53"},"modified":"2021-01-04T10:46:04","modified_gmt":"2021-01-04T09:46:04","slug":"realisations","status":"publish","type":"page","link":"https:\/\/langagemachine.fr\/?page_id=53","title":{"rendered":"R\u00e9alisations"},"content":{"rendered":"\n<p><strong>Conseil \u00e9ditorial &#8211; r\u00e9daction en chef <\/strong><\/p>\n\n\n\n<ul><li>Conception et programmation \u00e9ditoriale pour entreprises \u00e0 fort contexte scientifique et technologique: livres blancs, blogs, magazines en ligne, rapports annuels<\/li><li>Ghost Writing -tribunes C-level<\/li><li>Conception et production de podcasts (entretiens experts)<\/li><li>Production d&rsquo;articles de vulgarisation et d&rsquo;\u00e9tudes  prospectives<ul><li>Th\u00e9matiques couvertes: Innovation, Blockchain, IA, Transformation digitale, Transition \u00e9nerg\u00e9tique, Smart Cities, Exp\u00e9rience usager\/client<\/li><\/ul><\/li><li>Clients: startups, agences de communication \u00e9ditoriale<\/li><\/ul>\n\n\n\n<p>&#8230;pour plus de d\u00e9tail : <a href=\"http:\/\/langagemachine.fr\/?page_id=9\">Contact<\/a><\/p>\n\n\n<p><strong>R\u00e9dacteur en chef en agence de communication \u00e9ditoriale<\/strong><\/p>\n<ul>\n<li>Strat\u00e9gie \u00e9ditoriale et pilotage de la production des journalistes, motion designers, graphistes<\/li>\n<li>Co-conception et production de Newsletters, magazines print et web, blogs, vid\u00e9os adapt\u00e9es aux r\u00e9seaux sociaux, podcasts<\/li>\n<li>Co-conception et production de cahiers d&rsquo;inspiration et dossiers prospectifs<\/li>\n<li>Th\u00e9matiques couvertes: Innovation, Blockchain, IA, Transformation digitale, Transition \u00e9nerg\u00e9tique, Smart Cities, Exp\u00e9rience usager\/client<\/li>\n<li>Clients: entreprises multinationales fran\u00e7aises<\/li>\n<\/ul>\n<p style=\"padding-left: 30px;\">pour plus de d\u00e9tail : <a href=\"http:\/\/langagemachine.fr\/?page_id=9\">Contact<\/a><\/p>\n<hr \/>\n<p>\u00a0<\/p>\n<p><strong>Journaliste expert sciences &amp; tech (focale : AI\u00a0 &#8211; BrainTech &#8211; neurosciences, sciences de l&rsquo;ing\u00e9nieur)<\/strong>, <em>Cahiers\u00a0de Science &amp; Vie<\/em><\/p>\n<p><a href=\"_wp_link_placeholder\" data-wplink-edit=\"true\">Aux origines de la physique<\/a> &#8211; Articles \u00ab\u00a0Des techniques qui r\u00e9v\u00e8lent la mati\u00e8re\u00a0\u00bb et \u00ab\u00a0Premiers essais d&rsquo;une physique en action\u00a0\u00bb<\/p>\n<p><img loading=\"lazy\" class=\"size-medium wp-image-316 alignnone\" src=\"https:\/\/langagemachine.fr\/wp-content\/uploads\/2021\/01\/cover-Cahiers-242x300.jpg\" alt=\"Couverture du num\u00e9ro de jan-fev 2021 des Cahiers de Science &amp; Vie\" width=\"242\" height=\"300\" srcset=\"https:\/\/langagemachine.fr\/wp-content\/uploads\/2021\/01\/cover-Cahiers-242x300.jpg 242w, https:\/\/langagemachine.fr\/wp-content\/uploads\/2021\/01\/cover-Cahiers-826x1024.jpg 826w, https:\/\/langagemachine.fr\/wp-content\/uploads\/2021\/01\/cover-Cahiers-768x952.jpg 768w, https:\/\/langagemachine.fr\/wp-content\/uploads\/2021\/01\/cover-Cahiers-1239x1536.jpg 1239w, https:\/\/langagemachine.fr\/wp-content\/uploads\/2021\/01\/cover-Cahiers-218x270.jpg 218w, https:\/\/langagemachine.fr\/wp-content\/uploads\/2021\/01\/cover-Cahiers.jpg 1579w\" sizes=\"(max-width: 242px) 100vw, 242px\" \/><\/p>\n<p><strong>Journaliste expert sciences &amp; tech (focale : AI\u00a0 &#8211; BrainTech &#8211; neurosciences, sciences de l&rsquo;ing\u00e9nieur)<\/strong>, <em>Hors S\u00e9rie de Science &amp; Vie<\/em><\/p>\n<p><a href=\"http:\/\/pvsamplersla5.immanens.com\/fr\/pvPageH5B.asp?puc=003220&amp;nu=290&amp;pa=4#4\">I.A. Les 10 ans qui ont tout chang\u00e9<\/a>&#8211; Article \u00ab\u00a0Intelligence : la machine va-t-elle bient\u00f4t nous surpasser ?\u00a0\u00bb<\/p>\n<p><img loading=\"lazy\" class=\"size-medium wp-image-311 alignnone\" src=\"https:\/\/langagemachine.fr\/wp-content\/uploads\/2020\/03\/horss\u00e9rieSeVIA-mars2020-214x300.gif\" alt=\"\" width=\"214\" height=\"300\" srcset=\"https:\/\/langagemachine.fr\/wp-content\/uploads\/2020\/03\/horss\u00e9rieSeVIA-mars2020-214x300.gif 214w, https:\/\/langagemachine.fr\/wp-content\/uploads\/2020\/03\/horss\u00e9rieSeVIA-mars2020-193x270.gif 193w\" sizes=\"(max-width: 214px) 100vw, 214px\" \/><\/p>\n<p><strong>Journaliste expert AI\u00a0 &#8211; BrainTech &#8211; neurosciences \/ <\/strong>France is AI \\ <a href=\"https:\/\/www.aiforhealth.fr\/\">AIforHealth<\/a><\/p>\n<blockquote class=\"twitter-tweet\" data-lang=\"fr\">\n<p dir=\"ltr\" lang=\"fr\"><a href=\"https:\/\/twitter.com\/hashtag\/IA?src=hash&amp;ref_src=twsrc%5Etfw\">#IA<\/a> et <a href=\"https:\/\/twitter.com\/hashtag\/neurosciences?src=hash&amp;ref_src=twsrc%5Etfw\">#neurosciences<\/a> &gt; am\u00e9liorer votre sommeil via <a href=\"https:\/\/twitter.com\/hashtag\/MachineLearning?src=hash&amp;ref_src=twsrc%5Etfw\">#MachineLearning<\/a> \ud83c\udf85\ud83e\udd36\ud83d\udc86\u200d\u2642\ufe0f\ud83d\udc86\u200d\u2640\ufe0f FRANCOIS Lassagne Hugo MERCIER <a href=\"https:\/\/twitter.com\/dreemrythm?ref_src=twsrc%5Etfw\">@dreemrythm<\/a> et Denis DUCREUX Medecin Codeur <a href=\"https:\/\/twitter.com\/BrainAnalyze?ref_src=twsrc%5Etfw\">@BrainAnalyze<\/a> Merci <a href=\"https:\/\/twitter.com\/DamienGromier?ref_src=twsrc%5Etfw\">@DamienGromier<\/a> <a href=\"https:\/\/twitter.com\/hashtag\/AIforHealth?src=hash&amp;ref_src=twsrc%5Etfw\">#AIforHealth<\/a> Passionnant \ud83d\ude0a\ud83d\udc4f\ud83c\udffb\ud83d\udc4d <a href=\"https:\/\/t.co\/W1zBJlyc7w\">pic.twitter.com\/W1zBJlyc7w<\/a><\/p>\n<p>\u2014 braganti (@MyraBraganti) <a href=\"https:\/\/twitter.com\/MyraBraganti\/status\/1037418149287784449?ref_src=twsrc%5Etfw\">5 septembre 2018<\/a><\/p>\n<\/blockquote>\n<p><script async=\"\" src=\"https:\/\/platform.twitter.com\/widgets.js\" charset=\"utf-8\"><\/script><\/p>\n<hr \/>\n<p><strong>Cr\u00e9ateur et host du podcast<\/strong> <a href=\"https:\/\/soundcloud.com\/user-254039772\/sets\/des-machines-et-des-hommes\">Des Machines et des Hommes<\/a> pour <a href=\"http:\/\/www.science-et-vie.com\">Science &amp; Vie<\/a><\/p>\n<p><iframe src=\"https:\/\/w.soundcloud.com\/player\/?url=https%3A\/\/api.soundcloud.com\/playlists\/606212865&amp;color=%23ff5500&amp;auto_play=false&amp;hide_related=false&amp;show_comments=true&amp;show_user=true&amp;show_reposts=false&amp;show_teaser=true&amp;visual=true\" width=\"100%\" height=\"300\" frameborder=\"no\" scrolling=\"no\"><\/iframe><\/p>\n<hr \/>\n<p><strong>Cr\u00e9ateur et host<\/strong> du podcast <a href=\"http:\/\/i-not-robot.info\">I (not) robot<\/a><\/p>\n<p><img loading=\"lazy\" class=\"alignnone wp-image-218 size-medium\" src=\"http:\/\/langagemachine.fr\/wp-content\/uploads\/2018\/09\/Inotrobot-podcast-300x138.png\" alt=\"\" width=\"300\" height=\"138\" srcset=\"https:\/\/langagemachine.fr\/wp-content\/uploads\/2018\/09\/Inotrobot-podcast-300x138.png 300w, https:\/\/langagemachine.fr\/wp-content\/uploads\/2018\/09\/Inotrobot-podcast-768x354.png 768w, https:\/\/langagemachine.fr\/wp-content\/uploads\/2018\/09\/Inotrobot-podcast-586x270.png 586w, https:\/\/langagemachine.fr\/wp-content\/uploads\/2018\/09\/Inotrobot-podcast.png 898w\" sizes=\"(max-width: 300px) 100vw, 300px\" \/><\/p>\n<hr \/>\n<p><strong>R\u00e9daction en chef d\u00e9l\u00e9gu\u00e9e<\/strong>, <em>Cahiers de Science &amp; Vie <\/em>[F\u00e9vrier 2019]<em><br \/><\/em><\/p>\n<p><img loading=\"lazy\" class=\"size-medium wp-image-264 alignnone\" src=\"http:\/\/langagemachine.fr\/wp-content\/uploads\/2019\/02\/183-les-cahiers-de-science-vie-227x300.jpg\" alt=\"\" width=\"227\" height=\"300\" srcset=\"https:\/\/langagemachine.fr\/wp-content\/uploads\/2019\/02\/183-les-cahiers-de-science-vie-227x300.jpg 227w, https:\/\/langagemachine.fr\/wp-content\/uploads\/2019\/02\/183-les-cahiers-de-science-vie-205x270.jpg 205w, https:\/\/langagemachine.fr\/wp-content\/uploads\/2019\/02\/183-les-cahiers-de-science-vie.jpg 250w\" sizes=\"(max-width: 227px) 100vw, 227px\" \/><\/p>\n<hr \/>\n<p><strong>R\u00e9daction en chef d\u00e9l\u00e9gu\u00e9e<\/strong>, <em>Science &amp; Vie<\/em><\/p>\n<p>\u00a0<\/p>\n<p><img loading=\"lazy\" class=\"alignnone wp-image-88\" src=\"http:\/\/langagemachine.fr\/wp-content\/uploads\/2018\/03\/Science-Vie-Sp\u00e9cial-Fin-du-Monde-231x300.jpg\" alt=\"\" width=\"195\" height=\"253\" srcset=\"https:\/\/langagemachine.fr\/wp-content\/uploads\/2018\/03\/Science-Vie-Sp\u00e9cial-Fin-du-Monde-231x300.jpg 231w, https:\/\/langagemachine.fr\/wp-content\/uploads\/2018\/03\/Science-Vie-Sp\u00e9cial-Fin-du-Monde-208x270.jpg 208w, https:\/\/langagemachine.fr\/wp-content\/uploads\/2018\/03\/Science-Vie-Sp\u00e9cial-Fin-du-Monde.jpg 503w\" sizes=\"(max-width: 195px) 100vw, 195px\" \/>\u00a0 0<img loading=\"lazy\" class=\"alignnone wp-image-108\" src=\"http:\/\/langagemachine.fr\/wp-content\/uploads\/2018\/03\/catastrophes-227x300.jpg\" alt=\"\" width=\"191\" height=\"252\" srcset=\"https:\/\/langagemachine.fr\/wp-content\/uploads\/2018\/03\/catastrophes-227x300.jpg 227w, https:\/\/langagemachine.fr\/wp-content\/uploads\/2018\/03\/catastrophes-205x270.jpg 205w, https:\/\/langagemachine.fr\/wp-content\/uploads\/2018\/03\/catastrophes.jpg 251w\" sizes=\"(max-width: 191px) 100vw, 191px\" \/> \u00a0\u00a0 <img loading=\"lazy\" class=\"alignnone size-full wp-image-87\" src=\"http:\/\/langagemachine.fr\/wp-content\/uploads\/2018\/03\/SV-aviation-2011.jpg\" alt=\"\" width=\"200\" height=\"255\" \/> \u00a0\u00a0<img loading=\"lazy\" class=\"alignnone wp-image-109\" src=\"http:\/\/langagemachine.fr\/wp-content\/uploads\/2018\/03\/automobile-231x300.jpg\" alt=\"\" width=\"196\" height=\"255\" srcset=\"https:\/\/langagemachine.fr\/wp-content\/uploads\/2018\/03\/automobile-231x300.jpg 231w, https:\/\/langagemachine.fr\/wp-content\/uploads\/2018\/03\/automobile-208x270.jpg 208w, https:\/\/langagemachine.fr\/wp-content\/uploads\/2018\/03\/automobile.jpg 500w\" sizes=\"(max-width: 196px) 100vw, 196px\" \/><\/p>\n<hr \/>\n<p><strong>Journaliste expert AI\u00a0 &#8211; BrainTech &#8211; neurosciences<\/strong>, <em>Cahiers de Science &amp; Vie<\/em><\/p>\n<p><a href=\"https:\/\/lnkd.in\/du2rnyQ\">Dossier \u00ab\u00a010 hommes de g\u00e9nie\u00a0\u00bb<\/a> &#8211; Articles \u00ab\u00a0Aux sources du G\u00e9nie\u00a0\u00bb et \u00ab\u00a0Von Newmann, l&rsquo;ordinateur humain\u00a0\u00bb, interview du Pr. Yves Gingras, titulaire de la chaire d&rsquo;histoire et sociologie des sciences, Universit\u00e9 du Qu\u00e9bec \u00e0 Montr\u00e9al, Novembre 2018<\/p>\n<p><img loading=\"lazy\" class=\"size-medium wp-image-258 alignnone\" src=\"http:\/\/langagemachine.fr\/wp-content\/uploads\/2018\/11\/CahiersSeetVGenie-300x206.gif\" alt=\"\" width=\"300\" height=\"206\" srcset=\"https:\/\/langagemachine.fr\/wp-content\/uploads\/2018\/11\/CahiersSeetVGenie-300x206.gif 300w, https:\/\/langagemachine.fr\/wp-content\/uploads\/2018\/11\/CahiersSeetVGenie-394x270.gif 394w\" sizes=\"(max-width: 300px) 100vw, 300px\" \/><\/p>\n<hr \/>\n<p><strong>Journaliste expert AI\u00a0 &#8211; BrainTech &#8211; neurosciences<\/strong>, <em>Science &amp; Vie<\/em><\/p>\n<p>Article Science &amp; Soci\u00e9t\u00e9 &#8211; Analyse \u00ab\u00a0<a href=\"https:\/\/www.science-et-vie.com\/technos-et-futur\/l-intelligence-artificielle-bientot-for-president-45731\">L&rsquo;intelligence artificielle bient\u00f4t \u00a0\u00bb for president<\/a> \u00a0\u00bb ?\u00a0\u00bb, Octobre 2018<\/p>\n<figure id=\"attachment_250\" aria-describedby=\"caption-attachment-250\" style=\"width: 300px\" class=\"wp-caption alignnone\"><a href=\"https:\/\/www.science-et-vie.com\/technos-et-futur\/l-intelligence-artificielle-bientot-for-president-45731\"><img loading=\"lazy\" class=\"wp-image-250 size-medium\" src=\"http:\/\/langagemachine.fr\/wp-content\/uploads\/2018\/10\/20181025_131250-300x300.jpg\" alt=\"\" width=\"300\" height=\"300\" srcset=\"https:\/\/langagemachine.fr\/wp-content\/uploads\/2018\/10\/20181025_131250-300x300.jpg 300w, https:\/\/langagemachine.fr\/wp-content\/uploads\/2018\/10\/20181025_131250-150x150.jpg 150w, https:\/\/langagemachine.fr\/wp-content\/uploads\/2018\/10\/20181025_131250-768x768.jpg 768w, https:\/\/langagemachine.fr\/wp-content\/uploads\/2018\/10\/20181025_131250-1024x1024.jpg 1024w, https:\/\/langagemachine.fr\/wp-content\/uploads\/2018\/10\/20181025_131250-270x270.jpg 270w\" sizes=\"(max-width: 300px) 100vw, 300px\" \/><\/a><figcaption id=\"caption-attachment-250\" class=\"wp-caption-text\">L&rsquo;intelligence artificielle, bient\u00f4t \u00ab\u00a0for president\u00a0\u00bb?<\/figcaption><\/figure>\n<p>Article Science &amp; Soci\u00e9t\u00e9 &#8211; Analyse \u00ab\u00a0<em>Google invente le leurre conversationnel<\/em>\u00ab\u00a0, Ao\u00fbt 2018<\/p>\n<p><img loading=\"lazy\" class=\"size-medium wp-image-212\" src=\"http:\/\/langagemachine.fr\/wp-content\/uploads\/2018\/08\/Google-Duplex-Science-Vie-300x204.png\" alt=\"\" width=\"300\" height=\"204\" srcset=\"https:\/\/langagemachine.fr\/wp-content\/uploads\/2018\/08\/Google-Duplex-Science-Vie-300x204.png 300w, https:\/\/langagemachine.fr\/wp-content\/uploads\/2018\/08\/Google-Duplex-Science-Vie-768x522.png 768w, https:\/\/langagemachine.fr\/wp-content\/uploads\/2018\/08\/Google-Duplex-Science-Vie-397x270.png 397w, https:\/\/langagemachine.fr\/wp-content\/uploads\/2018\/08\/Google-Duplex-Science-Vie.png 952w\" sizes=\"(max-width: 300px) 100vw, 300px\" \/><\/p>\n<p><span style=\"font-size: 16px;\">Dossier de Une, \u00ab\u00a0<\/span><em style=\"font-size: 16px;\">Pourquoi le temps passe de plus en plus vite<\/em><span style=\"font-size: 16px;\">\u00ab\u00a0, 2010<\/span><\/p>\n<div id='gallery-1' class='gallery galleryid-53 gallery-columns-8 gallery-size-thumbnail'><figure class='gallery-item'>\n\t\t\t<div class='gallery-icon landscape'>\n\t\t\t\t<a href='https:\/\/langagemachine.fr\/wp-content\/uploads\/2018\/03\/Pourquoi-le-temps-passe-de-plus-en-plus-vite1-1.png'><img width=\"150\" height=\"150\" src=\"https:\/\/langagemachine.fr\/wp-content\/uploads\/2018\/03\/Pourquoi-le-temps-passe-de-plus-en-plus-vite1-1-150x150.png\" class=\"attachment-thumbnail size-thumbnail\" alt=\"\" loading=\"lazy\" \/><\/a>\n\t\t\t<\/div><\/figure><figure class='gallery-item'>\n\t\t\t<div class='gallery-icon landscape'>\n\t\t\t\t<a href='https:\/\/langagemachine.fr\/wp-content\/uploads\/2018\/03\/Pourquoi-le-temps-passe-de-plus-en-plus-vite2.png'><img width=\"150\" height=\"150\" src=\"https:\/\/langagemachine.fr\/wp-content\/uploads\/2018\/03\/Pourquoi-le-temps-passe-de-plus-en-plus-vite2-150x150.png\" class=\"attachment-thumbnail size-thumbnail\" alt=\"\" loading=\"lazy\" \/><\/a>\n\t\t\t<\/div><\/figure><figure class='gallery-item'>\n\t\t\t<div class='gallery-icon landscape'>\n\t\t\t\t<a href='https:\/\/langagemachine.fr\/wp-content\/uploads\/2018\/03\/Pourquoi-le-temps-passe-de-plus-en-plus-vite3.png'><img width=\"150\" height=\"150\" src=\"https:\/\/langagemachine.fr\/wp-content\/uploads\/2018\/03\/Pourquoi-le-temps-passe-de-plus-en-plus-vite3-150x150.png\" class=\"attachment-thumbnail size-thumbnail\" alt=\"\" loading=\"lazy\" \/><\/a>\n\t\t\t<\/div><\/figure><figure class='gallery-item'>\n\t\t\t<div class='gallery-icon landscape'>\n\t\t\t\t<a href='https:\/\/langagemachine.fr\/wp-content\/uploads\/2018\/03\/Pourquoi-le-temps-passe-de-plus-en-plus-vite4.png'><img width=\"150\" height=\"150\" src=\"https:\/\/langagemachine.fr\/wp-content\/uploads\/2018\/03\/Pourquoi-le-temps-passe-de-plus-en-plus-vite4-150x150.png\" class=\"attachment-thumbnail size-thumbnail\" alt=\"\" loading=\"lazy\" \/><\/a>\n\t\t\t<\/div><\/figure><figure class='gallery-item'>\n\t\t\t<div class='gallery-icon landscape'>\n\t\t\t\t<a href='https:\/\/langagemachine.fr\/wp-content\/uploads\/2018\/03\/Pourquoi-le-temps-passe-de-plus-en-plus-vite5.png'><img width=\"150\" height=\"150\" src=\"https:\/\/langagemachine.fr\/wp-content\/uploads\/2018\/03\/Pourquoi-le-temps-passe-de-plus-en-plus-vite5-150x150.png\" class=\"attachment-thumbnail size-thumbnail\" alt=\"\" loading=\"lazy\" \/><\/a>\n\t\t\t<\/div><\/figure><figure class='gallery-item'>\n\t\t\t<div class='gallery-icon landscape'>\n\t\t\t\t<a href='https:\/\/langagemachine.fr\/wp-content\/uploads\/2018\/03\/Pourquoi-le-temps-passe-de-plus-en-plus-vite6.png'><img width=\"150\" height=\"150\" src=\"https:\/\/langagemachine.fr\/wp-content\/uploads\/2018\/03\/Pourquoi-le-temps-passe-de-plus-en-plus-vite6-150x150.png\" class=\"attachment-thumbnail size-thumbnail\" alt=\"&quot;Pourquoi le temps passe de plus en plus vite&quot; - Science &amp; Vie - 2010\" loading=\"lazy\" \/><\/a>\n\t\t\t<\/div><\/figure><figure class='gallery-item'>\n\t\t\t<div class='gallery-icon landscape'>\n\t\t\t\t<a href='https:\/\/langagemachine.fr\/wp-content\/uploads\/2018\/03\/Pourquoi-le-temps-passe-de-plus-en-plus-vite7.png'><img width=\"150\" height=\"150\" src=\"https:\/\/langagemachine.fr\/wp-content\/uploads\/2018\/03\/Pourquoi-le-temps-passe-de-plus-en-plus-vite7-150x150.png\" class=\"attachment-thumbnail size-thumbnail\" alt=\"\" loading=\"lazy\" \/><\/a>\n\t\t\t<\/div><\/figure><figure class='gallery-item'>\n\t\t\t<div class='gallery-icon landscape'>\n\t\t\t\t<a href='https:\/\/langagemachine.fr\/wp-content\/uploads\/2018\/03\/Pourquoi-le-temps-passe-de-plus-en-plus-vite8.png'><img width=\"150\" height=\"150\" src=\"https:\/\/langagemachine.fr\/wp-content\/uploads\/2018\/03\/Pourquoi-le-temps-passe-de-plus-en-plus-vite8-150x150.png\" class=\"attachment-thumbnail size-thumbnail\" alt=\"\" loading=\"lazy\" \/><\/a>\n\t\t\t<\/div><\/figure>\n\t\t<\/div>\n\n<p>Dossier de Une,\u00a0\u00bb<em>A chaque m\u00e9tier son cerveau ?<\/em>\u00ab\u00a0, 2013<\/p>\n<div id='gallery-2' class='gallery galleryid-53 gallery-columns-8 gallery-size-thumbnail'><figure class='gallery-item'>\n\t\t\t<div class='gallery-icon landscape'>\n\t\t\t\t<a href='https:\/\/langagemachine.fr\/wp-content\/uploads\/2018\/03\/A-chaque-metier-son-cerveau1.png'><img width=\"150\" height=\"150\" src=\"https:\/\/langagemachine.fr\/wp-content\/uploads\/2018\/03\/A-chaque-metier-son-cerveau1-150x150.png\" class=\"attachment-thumbnail size-thumbnail\" alt=\"\" loading=\"lazy\" \/><\/a>\n\t\t\t<\/div><\/figure><figure class='gallery-item'>\n\t\t\t<div class='gallery-icon landscape'>\n\t\t\t\t<a href='https:\/\/langagemachine.fr\/wp-content\/uploads\/2018\/03\/A-chaque-metier-son-cerveau2.png'><img width=\"150\" height=\"150\" src=\"https:\/\/langagemachine.fr\/wp-content\/uploads\/2018\/03\/A-chaque-metier-son-cerveau2-150x150.png\" class=\"attachment-thumbnail size-thumbnail\" alt=\"\" loading=\"lazy\" \/><\/a>\n\t\t\t<\/div><\/figure><figure class='gallery-item'>\n\t\t\t<div class='gallery-icon landscape'>\n\t\t\t\t<a href='https:\/\/langagemachine.fr\/wp-content\/uploads\/2018\/03\/A-chaque-metier-son-cerveau3.png'><img width=\"150\" height=\"150\" src=\"https:\/\/langagemachine.fr\/wp-content\/uploads\/2018\/03\/A-chaque-metier-son-cerveau3-150x150.png\" class=\"attachment-thumbnail size-thumbnail\" alt=\"\" loading=\"lazy\" \/><\/a>\n\t\t\t<\/div><\/figure><figure class='gallery-item'>\n\t\t\t<div class='gallery-icon landscape'>\n\t\t\t\t<a href='https:\/\/langagemachine.fr\/wp-content\/uploads\/2018\/03\/A-chaque-metier-son-cerveau4.png'><img width=\"150\" height=\"150\" src=\"https:\/\/langagemachine.fr\/wp-content\/uploads\/2018\/03\/A-chaque-metier-son-cerveau4-150x150.png\" class=\"attachment-thumbnail size-thumbnail\" alt=\"\" loading=\"lazy\" \/><\/a>\n\t\t\t<\/div><\/figure><figure class='gallery-item'>\n\t\t\t<div class='gallery-icon landscape'>\n\t\t\t\t<a href='https:\/\/langagemachine.fr\/wp-content\/uploads\/2018\/03\/A-chaque-metier-son-cerveau5.png'><img width=\"150\" height=\"150\" src=\"https:\/\/langagemachine.fr\/wp-content\/uploads\/2018\/03\/A-chaque-metier-son-cerveau5-150x150.png\" class=\"attachment-thumbnail size-thumbnail\" alt=\"\" loading=\"lazy\" \/><\/a>\n\t\t\t<\/div><\/figure><figure class='gallery-item'>\n\t\t\t<div class='gallery-icon landscape'>\n\t\t\t\t<a href='https:\/\/langagemachine.fr\/wp-content\/uploads\/2018\/03\/A-chaque-metier-son-cerveau6.png'><img width=\"150\" height=\"150\" src=\"https:\/\/langagemachine.fr\/wp-content\/uploads\/2018\/03\/A-chaque-metier-son-cerveau6-150x150.png\" class=\"attachment-thumbnail size-thumbnail\" alt=\"\" loading=\"lazy\" \/><\/a>\n\t\t\t<\/div><\/figure><figure class='gallery-item'>\n\t\t\t<div class='gallery-icon landscape'>\n\t\t\t\t<a href='https:\/\/langagemachine.fr\/wp-content\/uploads\/2018\/03\/A-chaque-metier-son-cerveau7.png'><img width=\"150\" height=\"150\" src=\"https:\/\/langagemachine.fr\/wp-content\/uploads\/2018\/03\/A-chaque-metier-son-cerveau7-150x150.png\" class=\"attachment-thumbnail size-thumbnail\" alt=\"\" loading=\"lazy\" \/><\/a>\n\t\t\t<\/div><\/figure><figure class='gallery-item'>\n\t\t\t<div class='gallery-icon landscape'>\n\t\t\t\t<a href='https:\/\/langagemachine.fr\/wp-content\/uploads\/2018\/03\/A-chaque-metier-son-cerveau8.png'><img width=\"150\" height=\"150\" src=\"https:\/\/langagemachine.fr\/wp-content\/uploads\/2018\/03\/A-chaque-metier-son-cerveau8-150x150.png\" class=\"attachment-thumbnail size-thumbnail\" alt=\"\" loading=\"lazy\" \/><\/a>\n\t\t\t<\/div><\/figure>\n\t\t<\/div>\n\n<hr \/>\n<p><strong>Journaliste expert<\/strong> pour \u00ab\u00a0<em>Sciences Publiques<\/em>\u00ab\u00a0, France Culture<\/p>\n<p>\u00ab\u00a0<em>Notre m\u00e9tier fa\u00e7onne-t-il notre cerveau ?<\/em>\u00a0\u00bb (2013)<\/p>\n<p><iframe src=\"https:\/\/www.franceculture.fr\/player\/export-reecouter?content=badeb522-538f-11e3-af2e-782bcb73ed47\" width=\"481\" height=\"137\" frameborder=\"0\" scrolling=\"no\"><\/iframe><\/p>\n<p>\u00ab\u00a0<em>Comment l&rsquo;esprit peut soigner le corps<\/em>\u00a0\u00bb (2013)<\/p>\n<p><iframe src=\"https:\/\/www.franceculture.fr\/player\/export-reecouter?content=76a8b85f-2b4b-11e3-af2e-782bcb73ed47\" width=\"481\" height=\"137\" frameborder=\"0\" scrolling=\"no\"><\/iframe><\/p>\n<hr \/>\n<p><strong>Chroniqueur<\/strong> \u00ab\u00a0<em>Autour de la question<\/em>\u00ab\u00a0, RFI (Ao\u00fbt 2014)<\/p>\n<p>\u00ab\u00a0<em>On pense tous quantique<\/em>\u00ab\u00a0<\/p>\n<p><iframe src=\"https:\/\/w.soundcloud.com\/player\/?url=https%3A\/\/api.soundcloud.com\/tracks\/229083636&amp;color=%23ff5500&amp;auto_play=false&amp;hide_related=false&amp;show_comments=true&amp;show_user=true&amp;show_reposts=false&amp;show_teaser=true&amp;visual=true\" width=\"100%\" height=\"300\" frameborder=\"no\" scrolling=\"no\"><\/iframe><\/p>\n<hr \/>\n<p><strong>Chroniqueur\u00a0<\/strong> \u00ab\u00a0<em>Science &amp; Vie TV<\/em>\u00a0\u00bb &#8211; en duo avec J\u00e9r\u00f4me Bonaldi<\/p>\n<p><em>\u00ab\u00a0Ils d\u00e9fient la science avec leur cerveau en miette\u00a0\u00bb <\/em>(avril 2016)<\/p>\n<p><iframe src=\"https:\/\/www.youtube.com\/embed\/-DwgjpHTlV8?rel=0&amp;showinfo=0&amp;start=33\" width=\"560\" height=\"315\" frameborder=\"0\" allowfullscreen=\"allowfullscreen\"><\/iframe><\/p>\n<p>\u00a0<\/p>\n<p>\u00ab\u00a0<em>Interfaces gestuelles: sommes-nous pr\u00eats ?<\/em>\u00a0\u00bb (avril 2016)<\/p>\n<p><iframe title=\"Interfaces gestuelles : sommes-nous pr\u00eats ? - Les chroniques de la science\" width=\"640\" height=\"360\" src=\"https:\/\/www.youtube.com\/embed\/5FUiL7oCN0E?feature=oembed\" frameborder=\"0\" allow=\"accelerometer; autoplay; clipboard-write; encrypted-media; gyroscope; picture-in-picture; web-share\" referrerpolicy=\"strict-origin-when-cross-origin\" allowfullscreen><\/iframe><\/p>\n<p>\u00ab\u00a0<em>La science du paranormal<\/em>\u00a0\u00bb (mars 2016)<\/p>\n<p><iframe title=\"La science du paranormal - Les chroniques de la science\" width=\"640\" height=\"360\" src=\"https:\/\/www.youtube.com\/embed\/QjMKmQo6l_0?feature=oembed\" frameborder=\"0\" allow=\"accelerometer; autoplay; clipboard-write; encrypted-media; gyroscope; picture-in-picture; web-share\" referrerpolicy=\"strict-origin-when-cross-origin\" allowfullscreen><\/iframe><\/p>\n<p>\u00ab\u00a0<em>Des implants neurovisuels pour retrouver la vue<\/em>\u00a0\u00bb (septembre 2016)<\/p>\n<p><iframe title=\"Des implants neurovisuels pour retrouver la vue ! - Les chroniques de la science\" width=\"640\" height=\"480\" src=\"https:\/\/www.youtube.com\/embed\/1yIZXk5gbvo?feature=oembed\" frameborder=\"0\" allow=\"accelerometer; autoplay; clipboard-write; encrypted-media; gyroscope; picture-in-picture; web-share\" referrerpolicy=\"strict-origin-when-cross-origin\" allowfullscreen><\/iframe><\/p>\n<p>\u00ab\u00a0<em>S\u00e9quencer son propre ADN\u00a0\u00bb<\/em> (septembre 2016)<\/p>\n<p><iframe title=\"S\u00e9quencer son propre ADN ? - Les chroniques de la science\" width=\"640\" height=\"360\" src=\"https:\/\/www.youtube.com\/embed\/wQar7URhYpw?feature=oembed\" frameborder=\"0\" allow=\"accelerometer; autoplay; clipboard-write; encrypted-media; gyroscope; picture-in-picture; web-share\" referrerpolicy=\"strict-origin-when-cross-origin\" allowfullscreen><\/iframe><\/p>","protected":false},"excerpt":{"rendered":"<p>Conseil \u00e9ditorial &#8211; r\u00e9daction en chef Conception et programmation \u00e9ditoriale pour entreprises \u00e0 fort contexte scientifique et technologique: livres blancs, blogs, magazines en ligne, rapports annuels Ghost Writing -tribunes C-level Conception et production de podcasts (entretiens experts) Production d&rsquo;articles de vulgarisation et d&rsquo;\u00e9tudes prospectives Th\u00e9matiques couvertes: Innovation, Blockchain, IA, Transformation digitale, Transition \u00e9nerg\u00e9tique, Smart Cities, &hellip; <\/p>\n<p class=\"read-more\"><a class=\"btn btn-default\" href=\"https:\/\/langagemachine.fr\/?page_id=53\"> Read More<span class=\"screen-reader-text\">  Read More<\/span><\/a><\/p>\n","protected":false},"author":1,"featured_media":0,"parent":0,"menu_order":0,"comment_status":"closed","ping_status":"closed","template":"","meta":[],"_links":{"self":[{"href":"https:\/\/langagemachine.fr\/index.php?rest_route=\/wp\/v2\/pages\/53"}],"collection":[{"href":"https:\/\/langagemachine.fr\/index.php?rest_route=\/wp\/v2\/pages"}],"about":[{"href":"https:\/\/langagemachine.fr\/index.php?rest_route=\/wp\/v2\/types\/page"}],"author":[{"embeddable":true,"href":"https:\/\/langagemachine.fr\/index.php?rest_route=\/wp\/v2\/users\/1"}],"replies":[{"embeddable":true,"href":"https:\/\/langagemachine.fr\/index.php?rest_route=%2Fwp%2Fv2%2Fcomments&post=53"}],"version-history":[{"count":31,"href":"https:\/\/langagemachine.fr\/index.php?rest_route=\/wp\/v2\/pages\/53\/revisions"}],"predecessor-version":[{"id":317,"href":"https:\/\/langagemachine.fr\/index.php?rest_route=\/wp\/v2\/pages\/53\/revisions\/317"}],"wp:attachment":[{"href":"https:\/\/langagemachine.fr\/index.php?rest_route=%2Fwp%2Fv2%2Fmedia&parent=53"}],"curies":[{"name":"wp","href":"https:\/\/api.w.org\/{rel}","templated":true}]}}