{"id":8,"date":"2018-02-04T15:04:23","date_gmt":"2018-02-04T14:04:23","guid":{"rendered":"http:\/\/langagemachine.fr\/?page_id=8"},"modified":"2026-03-20T13:25:31","modified_gmt":"2026-03-20T12:25:31","slug":"a-propos-de","status":"publish","type":"page","link":"https:\/\/langagemachine.fr\/","title":{"rendered":"Conception et production de contenus premium tech &#038; science"},"content":{"rendered":"<h2>R\u00e9daction en chef\u00a0 m\u00e9dia \/ brand \/ B2B<\/h2>\n<p><strong><span style=\"color: #ff0000;\">V<\/span><\/strong>ous d\u00e9veloppez ou produisez un m\u00e9dia donnant une place importante aux th\u00e9matiques technologiques et scientifiques et avez besoin d&rsquo;un <strong>r\u00e9dacteur en chef plurim\u00e9dia<\/strong>, capable de construire un projet \u00e9ditorial exclusif, in\u00e9dit, diff\u00e9renciant, et sachant associer \u00e9troitement journalistes, graphistes, webdesigners, maquettistes, motion designers &#8230; ?<\/p>\n<p style=\"padding-left: 30px;\"><a href=\"http:\/\/langagemachine.fr\/?page_id=9\">Parlons-en\u00a0<\/a>!<\/p>\n<h2>Journalisme expert, science &amp; tech<\/h2>\n<p><span style=\"color: #ff0000;\"><strong>V<\/strong><\/span>ous recherchez un <strong>journaliste aiguis\u00e9 et inspir\u00e9<\/strong>, pour vous accompagner, \u00e0 l&rsquo;\u00e9crit et en format audio, en particulier sur les th\u00e9matiques&#8230;<\/p>\n<ul>\n<li>IA<\/li>\n<li>Sciences cognitives \/ Neurosciences<\/li>\n<li>Blockchain<\/li>\n<li>Technologies de l&rsquo;information et de la communication<\/li>\n<li>Innovation technologique et usages \u00e9mergents ?<\/li>\n<\/ul>\n<p style=\"padding-left: 30px;\"><a href=\"http:\/\/langagemachine.fr\/?page_id=9\">Parlons-en<\/a> !<\/p>\n<h2>Ghost writing C-Level : tribunes, points de vue, interviews texte &amp; audio pour les d\u00e9cideurs<\/h2>\n<p><strong><span style=\"color: #ff0000;\">V<\/span><\/strong>ous \u00eates d\u00e9cideur, fondateur d&rsquo;une startup, en qu\u00eate d&rsquo;un <strong>\u00e9diteur d&rsquo;id\u00e9es<\/strong>, capable de comprendre la complexit\u00e9 de vos sujets et projets et d&rsquo;assembler, \u00e9crire ou r\u00e9\u00e9crire tribunes et points de vue experts pour faire entendre votre singularit\u00e9 et maximiser l&rsquo;impact de vos prises de parole ?<\/p>\n<p style=\"padding-left: 30px;\"><a href=\"http:\/\/langagemachine.fr\/?page_id=9\">Parlons-en\u00a0<\/a>!<\/p>\n\n\n<h2>Po\u00e9sie m\u00e9tallique<\/h2>\n\n\n\n<p><strong>V<\/strong>ous avez envie de vous a\u00e9rer les oreilles, plonger dans les musiques extr\u00eames, m\u00e9diter sur l&rsquo;art subtil de la traduction ? Dans <a href=\"https:\/\/langagemachine.fr\/?page_id=10\">la partie blog du site<\/a>, quelques exp\u00e9rimentations sauvages, slam-m\u00e9tal et traductions participatives&#8230;<\/p>\n","protected":false},"excerpt":{"rendered":"<p>R\u00e9daction en chef\u00a0 m\u00e9dia \/ brand \/ B2B Vous d\u00e9veloppez ou produisez un m\u00e9dia donnant une place importante aux th\u00e9matiques technologiques et scientifiques et avez besoin d&rsquo;un r\u00e9dacteur en chef plurim\u00e9dia, capable de construire un projet \u00e9ditorial exclusif, in\u00e9dit, diff\u00e9renciant, et sachant associer \u00e9troitement journalistes, graphistes, webdesigners, maquettistes, motion designers &#8230; ? Parlons-en\u00a0! Journalisme expert, &hellip; <\/p>\n<p class=\"read-more\"><a class=\"btn btn-default\" href=\"https:\/\/langagemachine.fr\/\"> Read More<span class=\"screen-reader-text\">  Read More<\/span><\/a><\/p>\n","protected":false},"author":1,"featured_media":0,"parent":0,"menu_order":0,"comment_status":"closed","ping_status":"closed","template":"","meta":[],"_links":{"self":[{"href":"https:\/\/langagemachine.fr\/index.php?rest_route=\/wp\/v2\/pages\/8"}],"collection":[{"href":"https:\/\/langagemachine.fr\/index.php?rest_route=\/wp\/v2\/pages"}],"about":[{"href":"https:\/\/langagemachine.fr\/index.php?rest_route=\/wp\/v2\/types\/page"}],"author":[{"embeddable":true,"href":"https:\/\/langagemachine.fr\/index.php?rest_route=\/wp\/v2\/users\/1"}],"replies":[{"embeddable":true,"href":"https:\/\/langagemachine.fr\/index.php?rest_route=%2Fwp%2Fv2%2Fcomments&post=8"}],"version-history":[{"count":26,"href":"https:\/\/langagemachine.fr\/index.php?rest_route=\/wp\/v2\/pages\/8\/revisions"}],"predecessor-version":[{"id":349,"href":"https:\/\/langagemachine.fr\/index.php?rest_route=\/wp\/v2\/pages\/8\/revisions\/349"}],"wp:attachment":[{"href":"https:\/\/langagemachine.fr\/index.php?rest_route=%2Fwp%2Fv2%2Fmedia&parent=8"}],"curies":[{"name":"wp","href":"https:\/\/api.w.org\/{rel}","templated":true}]}}